{"id":222,"date":"2016-05-02T13:58:33","date_gmt":"2016-05-02T11:58:33","guid":{"rendered":"http:\/\/medicarna-spicko.hr\/en\/naslovna\/"},"modified":"2016-05-20T10:25:56","modified_gmt":"2016-05-20T08:25:56","slug":"naslovna","status":"publish","type":"page","link":"https:\/\/medicarna-spicko.hr\/en\/naslovna\/","title":{"rendered":"Naslovna"},"content":{"rendered":"<div class=\"wpb-content-wrapper\"><p>[vc_row][vc_column width=&#8221;1\/2&#8243;]<h1>About us<strong><\/strong><\/h1>[vc_column_text]Crafts or arts? In any case it\u2019s a craft with soul. The golden age of gingerbread craft in Croatia was in 18th and 19th century, but nowadays this craft is barely surviving. Thanks to family tradition and love for this craft, even today it still exists in \u0160pi\u010dko family. When Vinko \u0160pi\u010dko took over business 1937. from famous Koprivnica craftman Josip Sulimanovi\u0107, nobody thought that the soul of this craft will live so long in his family. He died in 1972 and his wife Ljubica, then inherited the business with help of their son Ivan. Today the business is lead by Ljubica, her daughter-in-law, who is her youngest son Vinko\u2019s wife.[\/vc_column_text]<a href=\"http:\/\/medicarna-spicko.hr\/en\/o-nama\/\" class=\"button left \">Read more<\/a>[\/vc_column][vc_column width=&#8221;1\/2&#8243;][vc_single_image image=&#8221;21&#8243; img_size=&#8221;full&#8221;][\/vc_column][\/vc_row][vc_row][vc_column]<div class=\"blog-blocks vc_row wpb_row vc_inner vc_row-fluid\"><div class=\"vc_col-sm-12\"><h2 class=\"align-center\">News<\/h2><\/div>\n\t\t\t\t<div class=\"blog-item vc_col-sm-4\">\n\t\t\t\t\t<div class=\"blog-item-holder\">\n\t\t\t\t\t\t<div class=\"blog-block\">\n\t\t\t\t\t\t\t\n\t\t\t\t\t\t\t<div class=\"heading-holder\">\n\t\t\t\t\t\t\t\t<h3>Welcome to our new web site!<\/h3>\n\t\t\t\t\t\t\t\t<span class=\"blog-date\">30.5.2016<\/span>\n\t\t\t\t\t\t\t<\/div>\n\t\t\t\t\t\t\t<div class=\"excerpt-wrapper\">\n\t\t\t\t\t\t\t\t<div class=\"excerpt\">Take a look around, contact us and enjoy.<\/div>\n\t\t\t\t\t\t\t\t<div class=\"read-more\">\n\t\t\t\t\t\t\t\t\t<a href=\"https:\/\/medicarna-spicko.hr\/en\/welcome-to-our-new-web-site\/\" class=\"button\">Read more<\/a>\n\t\t\t\t\t\t\t\t<\/div>\n\t\t\t\t\t\t\t<\/div>\n\t\t\t\t\t\t<\/div>\n\t\t\t\t\t<\/div>\n\t\t\t\t<\/div>\n\t\t\t\t<div class=\"blog-item vc_col-sm-4\">\n\t\t\t\t\t<div class=\"blog-item-holder\">\n\t\t\t\t\t\t<div class=\"blog-block\">\n\t\t\t\t\t\t\t<img loading=\"lazy\" decoding=\"async\" width=\"390\" height=\"260\" src=\"https:\/\/medicarna-spicko.hr\/wp-content\/uploads\/2016\/04\/12418049_986872358028686_2873813495016440742_n-390x260.jpg\" class=\"attachment-blog-block size-blog-block wp-post-image\" alt=\"\" \/>\n\t\t\t\t\t\t\t<div class=\"heading-holder\">\n\t\t\t\t\t\t\t\t<h3>Dobar dan, svijete!<\/h3>\n\t\t\t\t\t\t\t\t<span class=\"blog-date\">2.5.2016<\/span>\n\t\t\t\t\t\t\t<\/div>\n\t\t\t\t\t\t\t<div class=\"excerpt-wrapper\">\n\t\t\t\t\t\t\t\t<div class=\"excerpt\">Dobro do\u0161li u WordPress. Ovo je va\u0161a prva objava. Uredite ju ili izbri\u0161ite, a potom krenite s bloganjem!<\/div>\n\t\t\t\t\t\t\t\t<div class=\"read-more\">\n\t\t\t\t\t\t\t\t\t<a href=\"https:\/\/medicarna-spicko.hr\/en\/dobar-dan-svijete-8\/\" class=\"button\">Read more<\/a>\n\t\t\t\t\t\t\t\t<\/div>\n\t\t\t\t\t\t\t<\/div>\n\t\t\t\t\t\t<\/div>\n\t\t\t\t\t<\/div>\n\t\t\t\t<\/div><\/div><script type=\"text\/javascript\">\n\t\t\t\t\t\t\t(function( $ ) {\n\t\t\t\t\t\t\t    var ajaxUrl = \"https:\/\/medicarna-spicko.hr\/wp-admin\/admin-ajax.php\";\n\t\t\t\t\t\t\t    var page = 1; \/\/ What page we are on.\n\t\t\t\t\t\t\t    var ppp = 3; \/\/ Post per page\n\t\t\t\t\t\t\t    var category = \"nekategorizirano\";\n\t\t\t\t\t\t\t    var display = \"1\";\n\n\t\t\t\t\t\t\t    $(\"#more_posts\").on(\"click\",function(){ \/\/ When btn is pressed.\n\t\t\t\t\t\t\t        $(\"#more_posts\").attr(\"disabled\",true); \/\/ Disable the button, temp.\n\t\t\t\t\t\t\t        $.post(ajaxUrl, {\n\t\t\t\t\t\t\t            action:\"more_post_ajax\",\n\t\t\t\t\t\t\t            offset: (page * ppp),\n\t\t\t\t\t\t\t            ppp: ppp,\n\t\t\t\t\t\t\t            category: category,\n\t\t\t\t\t\t\t            display: display\n\t\t\t\t\t\t\t        }).success(function(posts){\n\t\t\t\t\t\t\t            page++;\n\t\t\t\t\t\t\t            \/\/$(\".blog-blocks\").append(posts); \/\/ CHANGE THIS!\n\t\t\t\t\t\t\t            $(\".blog-blocks\").append(posts).hide().fadeIn(999);\n\t\t\t\t\t\t\t            $(\"#more_posts\").attr(\"disabled\",false);\n\t\t\t\t\t\t\t        });\n\n\t\t\t\t\t\t\t   });\n\t\t\t\t\t\t\t})( jQuery );\n\t\t\t\t\t\t<\/script>[\/vc_column][\/vc_row]<\/p>\n<\/div>","protected":false},"excerpt":{"rendered":"<p>[vc_row][vc_column width=&#8221;1\/2&#8243;][vc_column_text]Crafts or arts? In any case it\u2019s a craft with soul. The golden age of gingerbread craft in Croatia was in 18th and 19th century, but nowadays this craft is barely surviving. Thanks to family tradition and love for this craft, even today [&hellip;]<\/p>\n","protected":false},"author":1,"featured_media":0,"parent":0,"menu_order":0,"comment_status":"closed","ping_status":"closed","template":"","meta":{"ngg_post_thumbnail":0,"footnotes":""},"_links":{"self":[{"href":"https:\/\/medicarna-spicko.hr\/en\/wp-json\/wp\/v2\/pages\/222"}],"collection":[{"href":"https:\/\/medicarna-spicko.hr\/en\/wp-json\/wp\/v2\/pages"}],"about":[{"href":"https:\/\/medicarna-spicko.hr\/en\/wp-json\/wp\/v2\/types\/page"}],"author":[{"embeddable":true,"href":"https:\/\/medicarna-spicko.hr\/en\/wp-json\/wp\/v2\/users\/1"}],"replies":[{"embeddable":true,"href":"https:\/\/medicarna-spicko.hr\/en\/wp-json\/wp\/v2\/comments?post=222"}],"version-history":[{"count":6,"href":"https:\/\/medicarna-spicko.hr\/en\/wp-json\/wp\/v2\/pages\/222\/revisions"}],"predecessor-version":[{"id":262,"href":"https:\/\/medicarna-spicko.hr\/en\/wp-json\/wp\/v2\/pages\/222\/revisions\/262"}],"wp:attachment":[{"href":"https:\/\/medicarna-spicko.hr\/en\/wp-json\/wp\/v2\/media?parent=222"}],"curies":[{"name":"wp","href":"https:\/\/api.w.org\/{rel}","templated":true}]}}